{"id":27982,"date":"2025-11-20T18:33:40","date_gmt":"2025-11-20T17:33:40","guid":{"rendered":"https:\/\/aqualandeorigins.com\/?page_id=27982"},"modified":"2026-01-14T15:01:24","modified_gmt":"2026-01-14T14:01:24","slug":"contact","status":"publish","type":"page","link":"https:\/\/aqualandeorigins.com\/fa\/contact\/","title":{"rendered":"\u062a\u0645\u0627\u0633"},"content":{"rendered":"\n[et_pb_section fb_built=\u00a0\u00bb1&Prime; _builder_version=\u00a0\u00bb4.27.4&Prime; _module_preset=\u00a0\u00bbdefault\u00a0\u00bb background_enable_color=\u00a0\u00bboff\u00a0\u00bb background_image=\u00a0\u00bbhttps:\/\/aqualandeorigins.com\/wp-content\/uploads\/2022\/01\/photo.jpg\u00a0\u00bb custom_margin=\u00a0\u00bb||||false|false\u00a0\u00bb custom_padding=\u00a0\u00bb10px||11px||false|false\u00a0\u00bb global_colors_info=\u00a0\u00bb{}\u00a0\u00bb][et_pb_row make_equal=\u00a0\u00bbon\u00a0\u00bb _builder_version=\u00a0\u00bb4.27.4&Prime; _module_preset=\u00a0\u00bbdefault\u00a0\u00bb custom_margin=\u00a0\u00bb||35px||false|false\u00a0\u00bb global_colors_info=\u00a0\u00bb{}\u00a0\u00bb][et_pb_column type=\u00a0\u00bb4_4&Prime; module_class=\u00a0\u00bbcentrer-verticalement\u00a0\u00bb _builder_version=\u00a0\u00bb4.16&Prime; _module_preset=\u00a0\u00bbdefault\u00a0\u00bb global_colors_info=\u00a0\u00bb{}\u00a0\u00bb][et_pb_text admin_label=\u00a0\u00bbTexte\u00a0\u00bb _builder_version=\u00a0\u00bb4.27.4&Prime; _module_preset=\u00a0\u00bbdefault\u00a0\u00bb text_text_color=\u00a0\u00bb#FFFFFF\u00a0\u00bb link_text_color=\u00a0\u00bb#FFFFFF\u00a0\u00bb header_text_color=\u00a0\u00bb#FFFFFF\u00a0\u00bb custom_margin=\u00a0\u00bb||20px||false|false\u00a0\u00bb global_colors_info=\u00a0\u00bb{}\u00a0\u00bb]<span><span><a href=\"https:\/\/aqualandeorigins.com\/\">Accueil<\/a><\/span><\/span>[\/et_pb_text][et_pb_text _builder_version=\u00a0\u00bb4.27.4&Prime; _module_preset=\u00a0\u00bbdefault\u00a0\u00bb text_font=\u00a0\u00bb||||||||\u00a0\u00bb text_text_color=\u00a0\u00bb#FFFFFF\u00a0\u00bb header_font=\u00a0\u00bb||||||||\u00a0\u00bb header_text_color=\u00a0\u00bb#FFFFFF\u00a0\u00bb header_font_size=\u00a0\u00bb40px\u00a0\u00bb header_3_font=\u00a0\u00bbPoppins||||||||\u00a0\u00bb header_3_text_color=\u00a0\u00bb#FFFFFF\u00a0\u00bb header_3_font_size=\u00a0\u00bb18px\u00a0\u00bb header_font_size_tablet=\u00a0\u00bb\u00a0\u00bb header_font_size_phone=\u00a0\u00bb35px\u00a0\u00bb header_font_size_last_edited=\u00a0\u00bbon|desktop\u00a0\u00bb global_colors_info=\u00a0\u00bb{}\u00a0\u00bb]<h1>Restons en contact<\/h1>\n<p>Nous aimerions recevoir de vos nouvelles !<\/p>[\/et_pb_text][\/et_pb_column][\/et_pb_row][\/et_pb_section][et_pb_section fb_built=\u00a0\u00bb1&Prime; _builder_version=\u00a0\u00bb4.27.4&Prime; _module_preset=\u00a0\u00bbdefault\u00a0\u00bb background_enable_color=\u00a0\u00bboff\u00a0\u00bb background_enable_image=\u00a0\u00bboff\u00a0\u00bb custom_margin=\u00a0\u00bb||||false|false\u00a0\u00bb custom_padding=\u00a0\u00bb10px||3px||false|false\u00a0\u00bb global_colors_info=\u00a0\u00bb{}\u00a0\u00bb][et_pb_row column_structure=\u00a0\u00bb1_2,1_2&Prime; make_equal=\u00a0\u00bbon\u00a0\u00bb _builder_version=\u00a0\u00bb4.27.4&Prime; _module_preset=\u00a0\u00bbdefault\u00a0\u00bb global_colors_info=\u00a0\u00bb{}\u00a0\u00bb][et_pb_column type=\u00a0\u00bb1_2&Prime; _builder_version=\u00a0\u00bb4.27.4&Prime; _module_preset=\u00a0\u00bbdefault\u00a0\u00bb custom_css_main_element=\u00a0\u00bbmargin:auto;\u00a0\u00bb global_colors_info=\u00a0\u00bb{}\u00a0\u00bb][et_pb_code _builder_version=\u00a0\u00bb4.27.4&Prime; _module_preset=\u00a0\u00bbdefault\u00a0\u00bb hover_enabled=\u00a0\u00bb0&Prime; locked=\u00a0\u00bboff\u00a0\u00bb global_colors_info=\u00a0\u00bb{}\u00a0\u00bb sticky_enabled=\u00a0\u00bb0&Prime;]<form action=\"https:\/\/webto.salesforce.com\/servlet\/servlet.WebToLead?encoding=UTF-8&#038;orgId=00D1t000000uaoo\" method=\"POST\" class=\"sf-form\"><!-- [et_pb_line_break_holder] --><!-- [et_pb_line_break_holder] --><input type=\"hidden\" name=\"oid\" value=\"00D1t000000uaoo\"><!-- [et_pb_line_break_holder] --><input type=\"hidden\" name=\"retURL\" value=\"https:\/\/aqualandeorigins.com\/merci\/\"><!-- [et_pb_line_break_holder] --><!-- [et_pb_line_break_holder] --><label for=\"last_name\" class=\"labelperso\">Nom<\/label><!-- [et_pb_line_break_holder] --><input id=\"last_name\" maxlength=\"80\" name=\"last_name\" size=\"20\" type=\"text\" class=\"inputperso\"><!-- [et_pb_line_break_holder] --><!-- [et_pb_line_break_holder] --><label for=\"email\" class=\"labelperso\">Adresse e-mail<\/label><!-- [et_pb_line_break_holder] --><input id=\"email\" maxlength=\"80\" name=\"email\" size=\"20\" type=\"text\" class=\"inputperso\"><!-- [et_pb_line_break_holder] --><!-- [et_pb_line_break_holder] --><label for=\"description\" class=\"labelperso\">Description<\/label><!-- [et_pb_line_break_holder] --><textarea name=\"description\" class=\"inputperso textarea\"><\/textarea><!-- [et_pb_line_break_holder] --><!-- [et_pb_line_break_holder] --><select id=\"lead_source\" name=\"lead_source\" class=\"inputperso\" style=\"display:none;\"><!-- [et_pb_line_break_holder] --><option value=\"Origins.com\">Origins.com<\/option><!-- [et_pb_line_break_holder] --><\/select><!-- [et_pb_line_break_holder] --><!-- [et_pb_line_break_holder] --><input type=\"submit\" name=\"submit\" class=\"submitperso\"><!-- [et_pb_line_break_holder] --><!-- [et_pb_line_break_holder] --><\/form><!-- [et_pb_line_break_holder] --><!-- [et_pb_line_break_holder] --><style><!-- [et_pb_line_break_holder] -->    .sf-form {<!-- [et_pb_line_break_holder] -->        max-width: 420px;<!-- [et_pb_line_break_holder] -->        padding: 25px 30px;<!-- [et_pb_line_break_holder] -->        background: #ffffff;<!-- [et_pb_line_break_holder] -->        border-radius: 14px;<!-- [et_pb_line_break_holder] -->        box-shadow: 0 8px 25px rgba(0,103,178,0.12);<!-- [et_pb_line_break_holder] -->        font-family: \"Inter\", Arial, sans-serif;<!-- [et_pb_line_break_holder] -->    }<!-- [et_pb_line_break_holder] --><!-- [et_pb_line_break_holder] -->    .labelperso {<!-- [et_pb_line_break_holder] -->        display:block;<!-- [et_pb_line_break_holder] -->        margin-bottom:8px;<!-- [et_pb_line_break_holder] -->        font-size:14px;<!-- [et_pb_line_break_holder] -->        color:#004b80;<!-- [et_pb_line_break_holder] -->        font-weight:600;<!-- [et_pb_line_break_holder] -->    }<!-- [et_pb_line_break_holder] --><!-- [et_pb_line_break_holder] -->    .inputperso {<!-- [et_pb_line_break_holder] -->        width:100%;<!-- [et_pb_line_break_holder] -->        padding:12px 14px;<!-- [et_pb_line_break_holder] -->        font-size:14px;<!-- [et_pb_line_break_holder] -->        border:1px solid #d6e4ef;<!-- [et_pb_line_break_holder] -->        border-radius:10px;<!-- [et_pb_line_break_holder] -->        transition: all .25s ease;<!-- [et_pb_line_break_holder] -->        background:#f9fbfd;<!-- [et_pb_line_break_holder] -->    }<!-- [et_pb_line_break_holder] --><!-- [et_pb_line_break_holder] -->    .inputperso:focus {<!-- [et_pb_line_break_holder] -->        outline:none;<!-- [et_pb_line_break_holder] -->        border-color:#0067b2;<!-- [et_pb_line_break_holder] -->        background:#ffffff;<!-- [et_pb_line_break_holder] -->        box-shadow:0 0 0 3px rgba(0,103,178,0.18);<!-- [et_pb_line_break_holder] -->    }<!-- [et_pb_line_break_holder] --><!-- [et_pb_line_break_holder] -->    .textarea {<!-- [et_pb_line_break_holder] -->        height:110px;<!-- [et_pb_line_break_holder] -->        resize: vertical;<!-- [et_pb_line_break_holder] -->    }<!-- [et_pb_line_break_holder] --><!-- [et_pb_line_break_holder] -->    .submitperso {<!-- [et_pb_line_break_holder] -->        width:100%;<!-- [et_pb_line_break_holder] -->        margin-top:22px;<!-- [et_pb_line_break_holder] -->        background:#0067b2 !important;<!-- [et_pb_line_break_holder] -->        padding:12px 16px;<!-- [et_pb_line_break_holder] -->        border:none;<!-- [et_pb_line_break_holder] -->        border-radius:10px;<!-- [et_pb_line_break_holder] -->        font-size:15px;<!-- [et_pb_line_break_holder] -->        color:#ffffff;<!-- [et_pb_line_break_holder] -->        font-weight:700;<!-- [et_pb_line_break_holder] -->        cursor:pointer;<!-- [et_pb_line_break_holder] -->        transition:background .25s ease, transform .15s ease;<!-- [et_pb_line_break_holder] -->    }<!-- [et_pb_line_break_holder] --><!-- [et_pb_line_break_holder] -->    .submitperso:hover {<!-- [et_pb_line_break_holder] -->        background:#00538f !important;<!-- [et_pb_line_break_holder] -->        transform: translateY(-1px);<!-- [et_pb_line_break_holder] -->    }<!-- [et_pb_line_break_holder] --><!-- [et_pb_line_break_holder] -->    .submitperso:active {<!-- [et_pb_line_break_holder] -->        transform: translateY(0);<!-- [et_pb_line_break_holder] -->    }<!-- [et_pb_line_break_holder] --><\/style>[\/et_pb_code][\/et_pb_column][et_pb_column type=\u00a0\u00bb1_2&Prime; _builder_version=\u00a0\u00bb4.27.4&Prime; _module_preset=\u00a0\u00bbdefault\u00a0\u00bb background_color=\u00a0\u00bbrgba(0,104,178,0.09)\u00a0\u00bb custom_padding=\u00a0\u00bb15px|15px|15px|15px|false|false\u00a0\u00bb global_colors_info=\u00a0\u00bb{}\u00a0\u00bb][et_pb_text _builder_version=\u00a0\u00bb4.27.4&Prime; _module_preset=\u00a0\u00bbdefault\u00a0\u00bb text_text_color=\u00a0\u00bb#0067b2&Prime; text_font_size=\u00a0\u00bb18px\u00a0\u00bb hover_enabled=\u00a0\u00bb0&Prime; locked=\u00a0\u00bboff\u00a0\u00bb global_colors_info=\u00a0\u00bb{}\u00a0\u00bb sticky_enabled=\u00a0\u00bb0&Prime;]<h2>Aqualande Origins<\/h2>\n<p>Aqualande Origins \u2013 Groupe Aqualande<br \/>Les Sources de l\u2019Avance SARL<br \/>505 Rue de la Grande Lande<br \/>40120 Roquefort, France<\/p>\n<p>+33 (0) 5 58 05 61 00<\/p>\n<p>contact@aqualandeorigins.com<\/p>\n<p>&nbsp;<\/p>[\/et_pb_text][\/et_pb_column][\/et_pb_row][\/et_pb_section][et_pb_section fb_built=\u00a0\u00bb1&Prime; _builder_version=\u00a0\u00bb4.27.4&Prime; _module_preset=\u00a0\u00bbdefault\u00a0\u00bb background_enable_image=\u00a0\u00bboff\u00a0\u00bb custom_padding=\u00a0\u00bb19px||39px|||\u00a0\u00bb global_colors_info=\u00a0\u00bb{}\u00a0\u00bb][et_pb_row make_equal=\u00a0\u00bbon\u00a0\u00bb _builder_version=\u00a0\u00bb4.27.4&Prime; _module_preset=\u00a0\u00bbdefault\u00a0\u00bb background_color=\u00a0\u00bbrgba(0,104,178,0.09)\u00a0\u00bb custom_margin=\u00a0\u00bb||25px||false|false\u00a0\u00bb border_width_top=\u00a0\u00bb1px\u00a0\u00bb border_color_top=\u00a0\u00bb#0067b2&Prime; border_width_bottom=\u00a0\u00bb1px\u00a0\u00bb border_color_bottom=\u00a0\u00bb#0067b2&Prime; global_colors_info=\u00a0\u00bb{}\u00a0\u00bb][et_pb_column type=\u00a0\u00bb4_4&Prime; module_class=\u00a0\u00bbcentrer-verticalement\u00a0\u00bb _builder_version=\u00a0\u00bb4.27.4&Prime; _module_preset=\u00a0\u00bbdefault\u00a0\u00bb custom_padding=\u00a0\u00bb|20px||20px|false|false\u00a0\u00bb global_colors_info=\u00a0\u00bb{}\u00a0\u00bb][et_pb_text _builder_version=\u00a0\u00bb4.27.4&Prime; _module_preset=\u00a0\u00bbdefault\u00a0\u00bb text_text_color=\u00a0\u00bb#0067b2&Prime; text_font_size=\u00a0\u00bb32px\u00a0\u00bb text_line_height=\u00a0\u00bb1.5em\u00a0\u00bb text_orientation=\u00a0\u00bbcenter\u00a0\u00bb global_colors_info=\u00a0\u00bb{}\u00a0\u00bb]<p>De la g\u00e9n\u00e9tique \u00e0 l\u2019\u00e9closion, chaque \u0153uf Aqualande Origins incarne l\u2019excellence fran\u00e7aise au service de la pisciculture mondiale.<\/p>[\/et_pb_text][\/et_pb_column][\/et_pb_row][\/et_pb_section]\n","protected":false},"excerpt":{"rendered":"<p><span><span><a href=\"https:\/\/aqualandeorigins.com\/fa\/\">\u0635\u0641\u062d\u0647 \u0627\u0635\u0644\u06cc<\/a><\/span><\/span>Restons en contact Nous aimerions recevoir de vos nouvelles !Aqualande Origins Aqualande Origins \u2013 Groupe AqualandeLes Sources de l\u2019Avance SARL505 Rue de la Grande Lande40120 Roquefort, France +33 (0) 5 58 05 61 00 contact@aqualandeorigins.com &nbsp;De la g\u00e9n\u00e9tique \u00e0 l\u2019\u00e9closion, chaque \u0153uf Aqualande Origins incarne l\u2019excellence fran\u00e7aise au service de la pisciculture mondiale.<\/p>","protected":false},"author":1,"featured_media":27459,"parent":0,"menu_order":0,"comment_status":"closed","ping_status":"closed","template":"","meta":{"_et_pb_use_builder":"on","_et_pb_old_content":"","_et_gb_content_width":"","footnotes":""},"class_list":["post-27982","page","type-page","status-publish","has-post-thumbnail","hentry"],"yoast_head":"<!-- This site is optimized with the Yoast SEO plugin v27.5 - https:\/\/yoast.com\/product\/yoast-seo-wordpress\/ -->\n<title>Contact - Aqualande Origins<\/title>\n<meta name=\"description\" content=\"Contactez Aqualande Origins pour vos projets d\u2019\u0153ufs de truite : information, partenariat et accompagnement B2B.\" \/>\n<meta name=\"robots\" content=\"index, follow, max-snippet:-1, max-image-preview:large, max-video-preview:-1\" \/>\n<link rel=\"canonical\" href=\"https:\/\/aqualandeorigins.com\/fa\/contact\/\" \/>\n<meta property=\"og:locale\" content=\"fa_IR\" \/>\n<meta property=\"og:type\" content=\"article\" \/>\n<meta property=\"og:title\" content=\"Contact - Aqualande Origins\" \/>\n<meta property=\"og:description\" content=\"Contactez Aqualande Origins pour vos projets d\u2019\u0153ufs de truite : information, partenariat et accompagnement B2B.\" \/>\n<meta property=\"og:url\" content=\"https:\/\/aqualandeorigins.com\/fa\/contact\/\" \/>\n<meta property=\"og:site_name\" content=\"Aqualande Origins\" \/>\n<meta property=\"article:modified_time\" content=\"2026-01-14T14:01:24+00:00\" \/>\n<meta property=\"og:image\" content=\"https:\/\/aqualandeorigins.com\/wp-content\/uploads\/2025\/07\/oeuf-rond-logo.png\" \/>\n\t<meta property=\"og:image:width\" content=\"189\" \/>\n\t<meta property=\"og:image:height\" content=\"173\" \/>\n\t<meta property=\"og:image:type\" content=\"image\/png\" \/>\n<meta name=\"twitter:card\" content=\"summary_large_image\" \/>\n<meta name=\"twitter:label1\" content=\"\u0632\u0645\u0627\u0646 \u062a\u0642\u0631\u06cc\u0628\u06cc \u0628\u0631\u0627\u06cc \u062e\u0648\u0627\u0646\u062f\u0646\" \/>\n\t<meta name=\"twitter:data1\" content=\"1 \u062f\u0642\u06cc\u0642\u0647\" \/>\n<script type=\"application\/ld+json\" class=\"yoast-schema-graph\">{\"@context\":\"https:\\\/\\\/schema.org\",\"@graph\":[{\"@type\":\"WebPage\",\"@id\":\"https:\\\/\\\/aqualandeorigins.com\\\/contact\\\/\",\"url\":\"https:\\\/\\\/aqualandeorigins.com\\\/contact\\\/\",\"name\":\"Contact - Aqualande Origins\",\"isPartOf\":{\"@id\":\"https:\\\/\\\/aqualandeorigins.com\\\/#website\"},\"primaryImageOfPage\":{\"@id\":\"https:\\\/\\\/aqualandeorigins.com\\\/contact\\\/#primaryimage\"},\"image\":{\"@id\":\"https:\\\/\\\/aqualandeorigins.com\\\/contact\\\/#primaryimage\"},\"thumbnailUrl\":\"https:\\\/\\\/aqualandeorigins.com\\\/wp-content\\\/uploads\\\/2025\\\/07\\\/oeuf-rond-logo.png\",\"datePublished\":\"2025-11-20T17:33:40+00:00\",\"dateModified\":\"2026-01-14T14:01:24+00:00\",\"description\":\"Contactez Aqualande Origins pour vos projets d\u2019\u0153ufs de truite : information, partenariat et accompagnement B2B.\",\"breadcrumb\":{\"@id\":\"https:\\\/\\\/aqualandeorigins.com\\\/contact\\\/#breadcrumb\"},\"inLanguage\":\"fa-IR\",\"potentialAction\":[{\"@type\":\"ReadAction\",\"target\":[\"https:\\\/\\\/aqualandeorigins.com\\\/contact\\\/\"]}]},{\"@type\":\"ImageObject\",\"inLanguage\":\"fa-IR\",\"@id\":\"https:\\\/\\\/aqualandeorigins.com\\\/contact\\\/#primaryimage\",\"url\":\"https:\\\/\\\/aqualandeorigins.com\\\/wp-content\\\/uploads\\\/2025\\\/07\\\/oeuf-rond-logo.png\",\"contentUrl\":\"https:\\\/\\\/aqualandeorigins.com\\\/wp-content\\\/uploads\\\/2025\\\/07\\\/oeuf-rond-logo.png\",\"width\":189,\"height\":173},{\"@type\":\"BreadcrumbList\",\"@id\":\"https:\\\/\\\/aqualandeorigins.com\\\/contact\\\/#breadcrumb\",\"itemListElement\":[{\"@type\":\"ListItem\",\"position\":1,\"name\":\"Accueil\",\"item\":\"https:\\\/\\\/aqualandeorigins.com\\\/\"},{\"@type\":\"ListItem\",\"position\":2,\"name\":\"Contact\"}]},{\"@type\":\"WebSite\",\"@id\":\"https:\\\/\\\/aqualandeorigins.com\\\/#website\",\"url\":\"https:\\\/\\\/aqualandeorigins.com\\\/\",\"name\":\"Aqualande Origins\",\"description\":\"\",\"publisher\":{\"@id\":\"https:\\\/\\\/aqualandeorigins.com\\\/#organization\"},\"potentialAction\":[{\"@type\":\"SearchAction\",\"target\":{\"@type\":\"EntryPoint\",\"urlTemplate\":\"https:\\\/\\\/aqualandeorigins.com\\\/?s={search_term_string}\"},\"query-input\":{\"@type\":\"PropertyValueSpecification\",\"valueRequired\":true,\"valueName\":\"search_term_string\"}}],\"inLanguage\":\"fa-IR\"},{\"@type\":\"Organization\",\"@id\":\"https:\\\/\\\/aqualandeorigins.com\\\/#organization\",\"name\":\"Aqualande Origins\",\"url\":\"https:\\\/\\\/aqualandeorigins.com\\\/\",\"logo\":{\"@type\":\"ImageObject\",\"inLanguage\":\"fa-IR\",\"@id\":\"https:\\\/\\\/aqualandeorigins.com\\\/#\\\/schema\\\/logo\\\/image\\\/\",\"url\":\"https:\\\/\\\/aqualandeorigins.com\\\/wp-content\\\/uploads\\\/2021\\\/07\\\/cropped-logo-aqualande-origins.png\",\"contentUrl\":\"https:\\\/\\\/aqualandeorigins.com\\\/wp-content\\\/uploads\\\/2021\\\/07\\\/cropped-logo-aqualande-origins.png\",\"width\":780,\"height\":185,\"caption\":\"Aqualande Origins\"},\"image\":{\"@id\":\"https:\\\/\\\/aqualandeorigins.com\\\/#\\\/schema\\\/logo\\\/image\\\/\"}}]}<\/script>\n<!-- \/ Yoast SEO plugin. -->","yoast_head_json":{"title":"\u062a\u0645\u0627\u0633 \u2013 Aqualande Origins","description":"\u0628\u0631\u0627\u06cc \u067e\u0631\u0648\u0698\u0647\u200c\u0647\u0627\u06cc \u062a\u062e\u0645 \u0645\u0627\u0647\u06cc \u0642\u0632\u0644\u200c\u0622\u0644\u0627\u06cc \u062e\u0648\u062f \u0628\u0627 Aqualande Origins \u062a\u0645\u0627\u0633 \u0628\u06af\u06cc\u0631\u06cc\u062f: \u0627\u0637\u0644\u0627\u0639\u0627\u062a\u060c \u0645\u0634\u0627\u0631\u06a9\u062a \u0648 \u0647\u0645\u0631\u0627\u0647\u06cc B2B.","robots":{"index":"index","follow":"follow","max-snippet":"max-snippet:-1","max-image-preview":"max-image-preview:large","max-video-preview":"max-video-preview:-1"},"canonical":"https:\/\/aqualandeorigins.com\/fa\/contact\/","og_locale":"fa_IR","og_type":"article","og_title":"Contact - Aqualande Origins","og_description":"Contactez Aqualande Origins pour vos projets d\u2019\u0153ufs de truite : information, partenariat et accompagnement B2B.","og_url":"https:\/\/aqualandeorigins.com\/fa\/contact\/","og_site_name":"Aqualande Origins","article_modified_time":"2026-01-14T14:01:24+00:00","og_image":[{"width":189,"height":173,"url":"https:\/\/aqualandeorigins.com\/wp-content\/uploads\/2025\/07\/oeuf-rond-logo.png","type":"image\/png"}],"twitter_card":"summary_large_image","twitter_misc":{"\u0632\u0645\u0627\u0646 \u062a\u0642\u0631\u06cc\u0628\u06cc \u0628\u0631\u0627\u06cc \u062e\u0648\u0627\u0646\u062f\u0646":"1 \u062f\u0642\u06cc\u0642\u0647"},"schema":{"@context":"https:\/\/schema.org","@graph":[{"@type":"WebPage","@id":"https:\/\/aqualandeorigins.com\/contact\/","url":"https:\/\/aqualandeorigins.com\/contact\/","name":"\u062a\u0645\u0627\u0633 \u2013 Aqualande Origins","isPartOf":{"@id":"https:\/\/aqualandeorigins.com\/#website"},"primaryImageOfPage":{"@id":"https:\/\/aqualandeorigins.com\/contact\/#primaryimage"},"image":{"@id":"https:\/\/aqualandeorigins.com\/contact\/#primaryimage"},"thumbnailUrl":"https:\/\/aqualandeorigins.com\/wp-content\/uploads\/2025\/07\/oeuf-rond-logo.png","datePublished":"2025-11-20T17:33:40+00:00","dateModified":"2026-01-14T14:01:24+00:00","description":"\u0628\u0631\u0627\u06cc \u067e\u0631\u0648\u0698\u0647\u200c\u0647\u0627\u06cc \u062a\u062e\u0645 \u0645\u0627\u0647\u06cc \u0642\u0632\u0644\u200c\u0622\u0644\u0627\u06cc \u062e\u0648\u062f \u0628\u0627 Aqualande Origins \u062a\u0645\u0627\u0633 \u0628\u06af\u06cc\u0631\u06cc\u062f: \u0627\u0637\u0644\u0627\u0639\u0627\u062a\u060c \u0645\u0634\u0627\u0631\u06a9\u062a \u0648 \u0647\u0645\u0631\u0627\u0647\u06cc B2B.","breadcrumb":{"@id":"https:\/\/aqualandeorigins.com\/contact\/#breadcrumb"},"inLanguage":"fa-IR","potentialAction":[{"@type":"ReadAction","target":["https:\/\/aqualandeorigins.com\/contact\/"]}]},{"@type":"ImageObject","inLanguage":"fa-IR","@id":"https:\/\/aqualandeorigins.com\/contact\/#primaryimage","url":"https:\/\/aqualandeorigins.com\/wp-content\/uploads\/2025\/07\/oeuf-rond-logo.png","contentUrl":"https:\/\/aqualandeorigins.com\/wp-content\/uploads\/2025\/07\/oeuf-rond-logo.png","width":189,"height":173},{"@type":"BreadcrumbList","@id":"https:\/\/aqualandeorigins.com\/contact\/#breadcrumb","itemListElement":[{"@type":"ListItem","position":1,"name":"Accueil","item":"https:\/\/aqualandeorigins.com\/"},{"@type":"ListItem","position":2,"name":"Contact"}]},{"@type":"WebSite","@id":"https:\/\/aqualandeorigins.com\/#website","url":"https:\/\/aqualandeorigins.com\/","name":"Aqualande Origins","description":"","publisher":{"@id":"https:\/\/aqualandeorigins.com\/#organization"},"potentialAction":[{"@type":"SearchAction","target":{"@type":"EntryPoint","urlTemplate":"https:\/\/aqualandeorigins.com\/?s={search_term_string}"},"query-input":{"@type":"PropertyValueSpecification","valueRequired":true,"valueName":"search_term_string"}}],"inLanguage":"fa-IR"},{"@type":"Organization","@id":"https:\/\/aqualandeorigins.com\/#organization","name":"Aqualande Origins","url":"https:\/\/aqualandeorigins.com\/","logo":{"@type":"ImageObject","inLanguage":"fa-IR","@id":"https:\/\/aqualandeorigins.com\/#\/schema\/logo\/image\/","url":"https:\/\/aqualandeorigins.com\/wp-content\/uploads\/2021\/07\/cropped-logo-aqualande-origins.png","contentUrl":"https:\/\/aqualandeorigins.com\/wp-content\/uploads\/2021\/07\/cropped-logo-aqualande-origins.png","width":780,"height":185,"caption":"Aqualande Origins"},"image":{"@id":"https:\/\/aqualandeorigins.com\/#\/schema\/logo\/image\/"}}]}},"_links":{"self":[{"href":"https:\/\/aqualandeorigins.com\/fa\/wp-json\/wp\/v2\/pages\/27982","targetHints":{"allow":["GET"]}}],"collection":[{"href":"https:\/\/aqualandeorigins.com\/fa\/wp-json\/wp\/v2\/pages"}],"about":[{"href":"https:\/\/aqualandeorigins.com\/fa\/wp-json\/wp\/v2\/types\/page"}],"author":[{"embeddable":true,"href":"https:\/\/aqualandeorigins.com\/fa\/wp-json\/wp\/v2\/users\/1"}],"replies":[{"embeddable":true,"href":"https:\/\/aqualandeorigins.com\/fa\/wp-json\/wp\/v2\/comments?post=27982"}],"version-history":[{"count":13,"href":"https:\/\/aqualandeorigins.com\/fa\/wp-json\/wp\/v2\/pages\/27982\/revisions"}],"predecessor-version":[{"id":28257,"href":"https:\/\/aqualandeorigins.com\/fa\/wp-json\/wp\/v2\/pages\/27982\/revisions\/28257"}],"wp:featuredmedia":[{"embeddable":true,"href":"https:\/\/aqualandeorigins.com\/fa\/wp-json\/wp\/v2\/media\/27459"}],"wp:attachment":[{"href":"https:\/\/aqualandeorigins.com\/fa\/wp-json\/wp\/v2\/media?parent=27982"}],"curies":[{"name":"wp","href":"https:\/\/api.w.org\/{rel}","templated":true}]}}